{"id":1263,"date":"2023-03-28T18:17:50","date_gmt":"2023-03-28T23:17:50","guid":{"rendered":"https:\/\/moveconsulting.biz\/politicas-de-privacidad\/"},"modified":"2023-03-29T10:41:51","modified_gmt":"2023-03-29T15:41:51","slug":"privacy-policies","status":"publish","type":"page","link":"https:\/\/moveconsulting.biz\/en\/privacy-policies\/","title":{"rendered":"Privacy policies"},"content":{"rendered":"\r\n<p>En cumplimiento de lo dispuesto por la Ley No. 29733, Ley de Protecci\u00f3n de Datos Personales y su Reglamento, aprobado por el Decreto Supremo No. 003-2013-JUS, se entiende por datos personales toda informaci\u00f3n sobre una persona que la identifica o hace identificable a trav\u00e9s de medios que pueden ser razonablemente utilizados.<\/p>\r\n\r\n\r\n\r\n<p>Move Consultores desarrolla su pol\u00edtica de tratamiento de datos personales en atenci\u00f3n a los principios rectores establecidos en la Ley No. 29733 de Protecci\u00f3n de Datos Personales, adoptando las medidas t\u00e9cnicas, organizativas y legales necesarias para garantizar la seguridad y confidencialidad de los datos personales.<\/p>\r\n\r\n\r\n\r\n<p>Le informamos que los datos que usted nos proporcione como consecuencia de sus consultas sobre los servicios que brindamos y su contrataci\u00f3n, ser\u00e1n utilizados y\/o tratados de manera responsable, practicando los est\u00e1ndares de protecci\u00f3n de datos y privacidad, e incorporados al correspondiente \u201cBanco de Datos Personales\u201d.<\/p>\r\n\r\n\r\n\r\n<p>Los usuarios que hayan facilitado datos personales a Move Consultores, pueden dirigirse al siguiente correo contacto@moveconsulting.biz<strong><em>, <\/em><\/strong>con el fin de poder ejercer sus derechos de informaci\u00f3n, de acceso, de actualizaci\u00f3n, inclusi\u00f3n, rectificaci\u00f3n y supresi\u00f3n, de impedir el suministro de sus datos personales, de oposici\u00f3n al tratamiento objetivo de los datos, en los t\u00e9rminos recogidos en la legislaci\u00f3n vigente.<\/p>\r\n","protected":false},"excerpt":{"rendered":"<p>En cumplimiento de lo dispuesto por la Ley No. 29733, Ley de Protecci\u00f3n de Datos Personales y su Reglamento, aprobado por el Decreto Supremo No. 003-2013-JUS, se entiende por datos personales toda informaci\u00f3n sobre una persona que la identifica o hace identificable a trav\u00e9s de medios que pueden ser razonablemente utilizados. Move Consultores desarrolla su [&hellip;]<\/p>\n","protected":false},"author":1,"featured_media":0,"parent":0,"menu_order":0,"comment_status":"closed","ping_status":"closed","template":"","meta":{"_acf_changed":false,"footnotes":""},"class_list":["post-1263","page","type-page","status-publish","hentry"],"acf":[],"_links":{"self":[{"href":"https:\/\/moveconsulting.biz\/en\/wp-json\/wp\/v2\/pages\/1263","targetHints":{"allow":["GET"]}}],"collection":[{"href":"https:\/\/moveconsulting.biz\/en\/wp-json\/wp\/v2\/pages"}],"about":[{"href":"https:\/\/moveconsulting.biz\/en\/wp-json\/wp\/v2\/types\/page"}],"author":[{"embeddable":true,"href":"https:\/\/moveconsulting.biz\/en\/wp-json\/wp\/v2\/users\/1"}],"replies":[{"embeddable":true,"href":"https:\/\/moveconsulting.biz\/en\/wp-json\/wp\/v2\/comments?post=1263"}],"version-history":[{"count":2,"href":"https:\/\/moveconsulting.biz\/en\/wp-json\/wp\/v2\/pages\/1263\/revisions"}],"predecessor-version":[{"id":1283,"href":"https:\/\/moveconsulting.biz\/en\/wp-json\/wp\/v2\/pages\/1263\/revisions\/1283"}],"wp:attachment":[{"href":"https:\/\/moveconsulting.biz\/en\/wp-json\/wp\/v2\/media?parent=1263"}],"curies":[{"name":"wp","href":"https:\/\/api.w.org\/{rel}","templated":true}]}}